{"id":18055,"date":"2023-04-16T16:50:33","date_gmt":"2023-04-16T14:50:33","guid":{"rendered":"https:\/\/drc-consulting.net\/?page_id=18055"},"modified":"2023-04-16T17:00:14","modified_gmt":"2023-04-16T15:00:14","slug":"project-cases","status":"publish","type":"page","link":"https:\/\/drc-consulting.net\/en_us\/project-cases\/","title":{"rendered":"Project Cases"},"content":{"rendered":"\t\t<div data-elementor-type=\"wp-page\" data-elementor-id=\"18055\" class=\"elementor elementor-18055\">\n\t\t\t\t\t\t<section class=\"elementor-section elementor-top-section elementor-element elementor-element-4360456 elementor-section-boxed elementor-section-height-default elementor-section-height-default sc_fly_static\" data-id=\"4360456\" data-element_type=\"section\" data-e-type=\"section\">\n\t\t\t\t\t\t<div class=\"elementor-container elementor-column-gap-extended\">\n\t\t\t\t\t<div class=\"elementor-column elementor-col-100 elementor-top-column elementor-element elementor-element-823e327 sc_content_align_inherit sc_layouts_column_icons_position_left sc_fly_static\" data-id=\"823e327\" data-element_type=\"column\" data-e-type=\"column\">\n\t\t\t<div class=\"elementor-widget-wrap elementor-element-populated\">\n\t\t\t\t\t\t<div class=\"elementor-element elementor-element-294b85c sc_fly_static elementor-widget elementor-widget-heading\" data-id=\"294b85c\" data-element_type=\"widget\" data-e-type=\"widget\" data-widget_type=\"heading.default\">\n\t\t\t\t<div class=\"elementor-widget-container\">\n\t\t\t\t\t<h1 class=\"elementor-heading-title elementor-size-xl\">PROJEKT CASES<\/h1>\t\t\t\t<\/div>\n\t\t\t\t<\/div>\n\t\t\t\t<div class=\"elementor-element elementor-element-aa759cc sc_fly_static elementor-widget elementor-widget-spacer\" data-id=\"aa759cc\" data-element_type=\"widget\" data-e-type=\"widget\" data-widget_type=\"spacer.default\">\n\t\t\t\t<div class=\"elementor-widget-container\">\n\t\t\t\t\t\t\t<div class=\"elementor-spacer\">\n\t\t\t<div class=\"elementor-spacer-inner\"><\/div>\n\t\t<\/div>\n\t\t\t\t\t\t<\/div>\n\t\t\t\t<\/div>\n\t\t\t\t<div class=\"elementor-element elementor-element-b48c155 sc_fly_static elementor-widget elementor-widget-heading\" data-id=\"b48c155\" data-element_type=\"widget\" data-e-type=\"widget\" data-widget_type=\"heading.default\">\n\t\t\t\t<div class=\"elementor-widget-container\">\n\t\t\t\t\t<h4 class=\"elementor-heading-title elementor-size-default\">Beispiel 1: HR-Interim-Manager \/ Change-Manager bei einem US-amerikanischen Hersteller von T\u00fcren und Zargen \/ Baubranche nach Kauf von 2 Werken in Deutschland (850 MitarbeiterInnen)<\/h4>\t\t\t\t<\/div>\n\t\t\t\t<\/div>\n\t\t\t\t<div class=\"elementor-element elementor-element-308adfd sc_fly_static elementor-widget elementor-widget-spacer\" data-id=\"308adfd\" data-element_type=\"widget\" data-e-type=\"widget\" data-widget_type=\"spacer.default\">\n\t\t\t\t<div class=\"elementor-widget-container\">\n\t\t\t\t\t\t\t<div class=\"elementor-spacer\">\n\t\t\t<div class=\"elementor-spacer-inner\"><\/div>\n\t\t<\/div>\n\t\t\t\t\t\t<\/div>\n\t\t\t\t<\/div>\n\t\t\t\t<div class=\"elementor-element elementor-element-fe214ea sc_fly_static elementor-widget elementor-widget-text-editor\" data-id=\"fe214ea\" data-element_type=\"widget\" data-e-type=\"widget\" data-widget_type=\"text-editor.default\">\n\t\t\t\t<div class=\"elementor-widget-container\">\n\t\t\t\t\t\t\t\t\t<ul><li>Unterst\u00fctzung des CEO bei allen HR und Organisationsfragen<\/li><li>Integrationsmanager auf allen F\u00fchrungs-Ebenen<\/li><li>Kontinuierliche Change-Management-Aktivit\u00e4ten mit allen Stakeholdern, insbesondere: Implementierung von identit\u00e4tsstiftenden Change-Management-Ma\u00dfnahmen (z.B.: Besuchs- und Austauschprogramme; Fachbesuche der deutschen Spezialisten in USA)<\/li><li>Fachliche und disziplinare F\u00fchrung der beiden Personalabteilungen mit insgesamt 8 MitarbeiterInnen<\/li><li>\u00dcberf\u00fchrung der Belegschaften von traditionsbewussten Einzelbetrieben in eine US-amerikanische Matrixorganisation<\/li><li>Vereinheitlichung aller HR-Prozesse und IT- Infrastrukturen \/ Anwendungen<\/li><li>Aufbau von Controlling und HR-Reporting<\/li><li>Vertriebsoptimierung<\/li><li>Management der BR Gremien<\/li><li>Proaktive \u00d6ffentlichkeitsarbeit<\/li><li>Reorganisation aller operativen HR- Prozesse und Standards nach US- Vorgaben<\/li><li>Implementierung von HR-Standards und eines KPI-basierten HR-Berichtswesens<\/li><li>Freisetzung von 2 Gesch\u00e4ftsf\u00fchrern<\/li><li>Aufbau eines neuen F\u00fchrungsteams durch Entwicklung und Implementierung eines Gesch\u00e4ftsverteilungsplanes<\/li><li>Straffung des Vertriebes durch Zusammenlegung von Vertriebsgebieten in Deutschland<\/li><\/ul>\t\t\t\t\t\t\t\t<\/div>\n\t\t\t\t<\/div>\n\t\t\t\t<div class=\"elementor-element elementor-element-d6138d6 sc_fly_static elementor-widget elementor-widget-spacer\" data-id=\"d6138d6\" data-element_type=\"widget\" data-e-type=\"widget\" data-widget_type=\"spacer.default\">\n\t\t\t\t<div class=\"elementor-widget-container\">\n\t\t\t\t\t\t\t<div class=\"elementor-spacer\">\n\t\t\t<div class=\"elementor-spacer-inner\"><\/div>\n\t\t<\/div>\n\t\t\t\t\t\t<\/div>\n\t\t\t\t<\/div>\n\t\t\t\t\t<\/div>\n\t\t<\/div>\n\t\t\t\t\t<\/div>\n\t\t<\/section>\n\t\t\t\t<section class=\"elementor-section elementor-top-section elementor-element elementor-element-9ac3cf4 elementor-section-stretched elementor-section-boxed elementor-section-height-default elementor-section-height-default sc_fly_static\" data-id=\"9ac3cf4\" data-element_type=\"section\" data-e-type=\"section\" data-settings=\"{&quot;stretch_section&quot;:&quot;section-stretched&quot;,&quot;background_background&quot;:&quot;classic&quot;}\">\n\t\t\t\t\t\t<div class=\"elementor-container elementor-column-gap-extended\">\n\t\t\t\t\t<div class=\"elementor-column elementor-col-100 elementor-top-column elementor-element elementor-element-8476c1e sc_content_align_inherit sc_layouts_column_icons_position_left sc_fly_static\" data-id=\"8476c1e\" data-element_type=\"column\" data-e-type=\"column\">\n\t\t\t<div class=\"elementor-widget-wrap elementor-element-populated\">\n\t\t\t\t\t\t<div class=\"elementor-element elementor-element-fdbf017 sc_fly_static elementor-widget elementor-widget-spacer\" data-id=\"fdbf017\" data-element_type=\"widget\" data-e-type=\"widget\" data-widget_type=\"spacer.default\">\n\t\t\t\t<div class=\"elementor-widget-container\">\n\t\t\t\t\t\t\t<div class=\"elementor-spacer\">\n\t\t\t<div class=\"elementor-spacer-inner\"><\/div>\n\t\t<\/div>\n\t\t\t\t\t\t<\/div>\n\t\t\t\t<\/div>\n\t\t\t\t<div class=\"elementor-element elementor-element-07ad11b sc_fly_static elementor-widget elementor-widget-heading\" data-id=\"07ad11b\" data-element_type=\"widget\" data-e-type=\"widget\" data-widget_type=\"heading.default\">\n\t\t\t\t<div class=\"elementor-widget-container\">\n\t\t\t\t\t<h4 class=\"elementor-heading-title elementor-size-default\">Beispiel 2: Operativ-administrative Arbeit als HR Senior Business Partner und Betriebsrats (BR)- Experte; Internationaler Hersteller von Scanner- und R\u00f6ntgenger\u00e4ten \/ Elektronik (600 MitarbeiterInnen)<\/h4>\t\t\t\t<\/div>\n\t\t\t\t<\/div>\n\t\t\t\t<div class=\"elementor-element elementor-element-e1a5b90 sc_fly_static elementor-widget elementor-widget-spacer\" data-id=\"e1a5b90\" data-element_type=\"widget\" data-e-type=\"widget\" data-widget_type=\"spacer.default\">\n\t\t\t\t<div class=\"elementor-widget-container\">\n\t\t\t\t\t\t\t<div class=\"elementor-spacer\">\n\t\t\t<div class=\"elementor-spacer-inner\"><\/div>\n\t\t<\/div>\n\t\t\t\t\t\t<\/div>\n\t\t\t\t<\/div>\n\t\t\t\t<div class=\"elementor-element elementor-element-3a9937c sc_fly_static elementor-widget elementor-widget-text-editor\" data-id=\"3a9937c\" data-element_type=\"widget\" data-e-type=\"widget\" data-widget_type=\"text-editor.default\">\n\t\t\t\t<div class=\"elementor-widget-container\">\n\t\t\t\t\t\t\t\t\t<ul><li>Operativer Personalbetreuer f\u00fcr ca. 300 MA und FK nach Freisetzung der HR-Leitung (Tagesgesch\u00e4ft)<\/li><li>Unterst\u00fctzung des HR Teams bei der Neustrukturierung der Verantwortlichkeiten und Rollen<\/li><li>Lohn- und Gehaltszahlungen vorbereiten und durchf\u00fchren<\/li><li>Teamweite Optimierungen von Standardprozessen (z.B.: Recruiting; BR-Anh\u00f6rungen, Identifikation von \u201ehigh potentials\u201c)<\/li><li>Berichtslinie Paris (HR Director EMEA)<\/li><li>Wiedergewinnung einer vertrauensvollen Arbeitsebene mit dem Betriebsrat<\/li><li>Verhandlung und Abschluss von ca. 30 Betriebsvereinbarungen<\/li><li>Planung und Durchf\u00fchrung von F\u00fchrungskr\u00e4fte-Trainings zum rechtssicheren Umgang mit dem BR und dem Betriebsverfassungsgesetz BetrVG<\/li><\/ul>\t\t\t\t\t\t\t\t<\/div>\n\t\t\t\t<\/div>\n\t\t\t\t<div class=\"elementor-element elementor-element-83c67a4 sc_fly_static elementor-widget elementor-widget-spacer\" data-id=\"83c67a4\" data-element_type=\"widget\" data-e-type=\"widget\" data-widget_type=\"spacer.default\">\n\t\t\t\t<div class=\"elementor-widget-container\">\n\t\t\t\t\t\t\t<div class=\"elementor-spacer\">\n\t\t\t<div class=\"elementor-spacer-inner\"><\/div>\n\t\t<\/div>\n\t\t\t\t\t\t<\/div>\n\t\t\t\t<\/div>\n\t\t\t\t\t<\/div>\n\t\t<\/div>\n\t\t\t\t\t<\/div>\n\t\t<\/section>\n\t\t\t\t<section class=\"elementor-section elementor-top-section elementor-element elementor-element-98b673e elementor-section-stretched elementor-section-boxed elementor-section-height-default elementor-section-height-default sc_fly_static\" data-id=\"98b673e\" data-element_type=\"section\" data-e-type=\"section\" data-settings=\"{&quot;stretch_section&quot;:&quot;section-stretched&quot;,&quot;background_background&quot;:&quot;classic&quot;}\">\n\t\t\t\t\t\t<div class=\"elementor-container elementor-column-gap-extended\">\n\t\t\t\t\t<div class=\"elementor-column elementor-col-100 elementor-top-column elementor-element elementor-element-04b3d1b sc_content_align_inherit sc_layouts_column_icons_position_left sc_fly_static\" data-id=\"04b3d1b\" data-element_type=\"column\" data-e-type=\"column\">\n\t\t\t<div class=\"elementor-widget-wrap elementor-element-populated\">\n\t\t\t\t\t\t<div class=\"elementor-element elementor-element-7c28379 sc_fly_static elementor-widget elementor-widget-spacer\" data-id=\"7c28379\" data-element_type=\"widget\" data-e-type=\"widget\" data-widget_type=\"spacer.default\">\n\t\t\t\t<div class=\"elementor-widget-container\">\n\t\t\t\t\t\t\t<div class=\"elementor-spacer\">\n\t\t\t<div class=\"elementor-spacer-inner\"><\/div>\n\t\t<\/div>\n\t\t\t\t\t\t<\/div>\n\t\t\t\t<\/div>\n\t\t\t\t<div class=\"elementor-element elementor-element-8da9927 sc_fly_static elementor-widget elementor-widget-heading\" data-id=\"8da9927\" data-element_type=\"widget\" data-e-type=\"widget\" data-widget_type=\"heading.default\">\n\t\t\t\t<div class=\"elementor-widget-container\">\n\t\t\t\t\t<h4 class=\"elementor-heading-title elementor-size-default\">Beispiel 3: F\u00fchrungskulturentwicklungs-\/HR Entwicklungsprojekt f\u00fcr einen Automobilzulieferer (150 MitarbeiterInnen); Einzelcoaching f\u00fcr alle F\u00fchrungskr\u00e4fte (Gesch\u00e4ftsf\u00fchrer, AbteilungsleiterInnen und Teamleiter)<\/h4>\t\t\t\t<\/div>\n\t\t\t\t<\/div>\n\t\t\t\t<div class=\"elementor-element elementor-element-c0d234a sc_fly_static elementor-widget elementor-widget-spacer\" data-id=\"c0d234a\" data-element_type=\"widget\" data-e-type=\"widget\" data-widget_type=\"spacer.default\">\n\t\t\t\t<div class=\"elementor-widget-container\">\n\t\t\t\t\t\t\t<div class=\"elementor-spacer\">\n\t\t\t<div class=\"elementor-spacer-inner\"><\/div>\n\t\t<\/div>\n\t\t\t\t\t\t<\/div>\n\t\t\t\t<\/div>\n\t\t\t\t<div class=\"elementor-element elementor-element-efc7bd9 sc_fly_static elementor-widget elementor-widget-text-editor\" data-id=\"efc7bd9\" data-element_type=\"widget\" data-e-type=\"widget\" data-widget_type=\"text-editor.default\">\n\t\t\t\t<div class=\"elementor-widget-container\">\n\t\t\t\t\t\t\t\t\t<ul><li>Verbesserung der F\u00fchrungsleistungen der Teamleiter durch Coachings und Trainings<\/li><li>Durchf\u00fchrung von F\u00fchrungsstilanalysen\/ Pers\u00f6nlichkeitsanalysen als Grundlage individueller F\u00fchrungskr\u00e4ftecoachings f\u00fcr 16 Personen (Basis: Tools des Scheelen Instituts)<\/li><li>Straffung des Managementteams durch Zusammenlegung von Einzelaufgaben im Produktionsbereich<\/li><li>Optimierung der Ablaufprozesse durch Sch\u00e4rfung der Verantwortlichkeiten (Abteilungsbezogene Erarbeitung von Stellenbeschreibungen, KPIs und Qualifikationsmatrizen)<\/li><li>Erarbeitung eines Leitbildes zur Verbesserung der internen Zusammenarbeit<\/li><li>Weiterentwicklung des j\u00e4hrlichen Mitarbeitergespr\u00e4chs<\/li><li>Training der F\u00fchrungskr\u00e4fte in Gespr\u00e4chstechniken und Konfliktmanagement<\/li><li>Verbesserung der internen Kommunikation<\/li><li>Unterst\u00fctzung der Personalabteilung in operativen Fragestellungen<\/li><\/ul>\t\t\t\t\t\t\t\t<\/div>\n\t\t\t\t<\/div>\n\t\t\t\t<div class=\"elementor-element elementor-element-b4a8854 sc_fly_static elementor-widget elementor-widget-spacer\" data-id=\"b4a8854\" data-element_type=\"widget\" data-e-type=\"widget\" data-widget_type=\"spacer.default\">\n\t\t\t\t<div class=\"elementor-widget-container\">\n\t\t\t\t\t\t\t<div class=\"elementor-spacer\">\n\t\t\t<div class=\"elementor-spacer-inner\"><\/div>\n\t\t<\/div>\n\t\t\t\t\t\t<\/div>\n\t\t\t\t<\/div>\n\t\t\t\t\t<\/div>\n\t\t<\/div>\n\t\t\t\t\t<\/div>\n\t\t<\/section>\n\t\t\t\t<section class=\"elementor-section elementor-top-section elementor-element elementor-element-7c9129e elementor-section-stretched elementor-section-boxed elementor-section-height-default elementor-section-height-default sc_fly_static\" data-id=\"7c9129e\" data-element_type=\"section\" data-e-type=\"section\" data-settings=\"{&quot;stretch_section&quot;:&quot;section-stretched&quot;,&quot;background_background&quot;:&quot;classic&quot;}\">\n\t\t\t\t\t\t<div class=\"elementor-container elementor-column-gap-extended\">\n\t\t\t\t\t<div class=\"elementor-column elementor-col-100 elementor-top-column elementor-element elementor-element-b6fdd88 sc_content_align_inherit sc_layouts_column_icons_position_left sc_fly_static\" data-id=\"b6fdd88\" data-element_type=\"column\" data-e-type=\"column\">\n\t\t\t<div class=\"elementor-widget-wrap elementor-element-populated\">\n\t\t\t\t\t\t<div class=\"elementor-element elementor-element-77cb34e sc_fly_static elementor-widget elementor-widget-spacer\" data-id=\"77cb34e\" data-element_type=\"widget\" data-e-type=\"widget\" data-widget_type=\"spacer.default\">\n\t\t\t\t<div class=\"elementor-widget-container\">\n\t\t\t\t\t\t\t<div class=\"elementor-spacer\">\n\t\t\t<div class=\"elementor-spacer-inner\"><\/div>\n\t\t<\/div>\n\t\t\t\t\t\t<\/div>\n\t\t\t\t<\/div>\n\t\t\t\t<div class=\"elementor-element elementor-element-b723a0d sc_fly_static elementor-widget elementor-widget-heading\" data-id=\"b723a0d\" data-element_type=\"widget\" data-e-type=\"widget\" data-widget_type=\"heading.default\">\n\t\t\t\t<div class=\"elementor-widget-container\">\n\t\t\t\t\t<h4 class=\"elementor-heading-title elementor-size-default\">Beispiel 4: HR-Interim-Management-Projekt (Schweiz\/ Deutschland) f\u00fcr einen japanischen Konzern nach Kauf zweier Produktionswerke (800 Mitarbeiter) Sanierung, Bestandssicherung und Konzernintegration <\/h4>\t\t\t\t<\/div>\n\t\t\t\t<\/div>\n\t\t\t\t<div class=\"elementor-element elementor-element-d34603a sc_fly_static elementor-widget elementor-widget-spacer\" data-id=\"d34603a\" data-element_type=\"widget\" data-e-type=\"widget\" data-widget_type=\"spacer.default\">\n\t\t\t\t<div class=\"elementor-widget-container\">\n\t\t\t\t\t\t\t<div class=\"elementor-spacer\">\n\t\t\t<div class=\"elementor-spacer-inner\"><\/div>\n\t\t<\/div>\n\t\t\t\t\t\t<\/div>\n\t\t\t\t<\/div>\n\t\t\t\t<div class=\"elementor-element elementor-element-e843867 sc_fly_static elementor-widget elementor-widget-text-editor\" data-id=\"e843867\" data-element_type=\"widget\" data-e-type=\"widget\" data-widget_type=\"text-editor.default\">\n\t\t\t\t<div class=\"elementor-widget-container\">\n\t\t\t\t\t\t\t\t\t<ul><li>Direkter Berater und Unterst\u00fctzer des japanischen Top-Managementteams bei der \u00dcbernahme der beiden Werke in rechtlichen und soziokulturellen HR-Fragen (Integrations-\/Change-Management)<\/li><li>Reorganisation der lokalen Managementstrukturen (Gesch\u00e4ftsverteilungsplan)<\/li><li>Fachliche F\u00fchrung der Personalabteilungen in allen Sanierungsfragen; Support in der Schweiz durch 2. HR-Interim Managerin<\/li><li>Management des BR und der IG Metallvertreter (Verabschiedung und Umsetzung von Interessenausgleich und Sozialplan)<\/li><li>sozialvertr\u00e4gliche Freisetzung von 50% der Belegschaften<\/li><li>Kampagnen zur Weiterbesch\u00e4ftigung freigesetzter Mitarbeiter*innen im lokalen Bereich durch Zusammenarbeit mit Job-Centern, Wirtschaftsf\u00f6rderung und B\u00fcrgermeister<\/li><\/ul>\t\t\t\t\t\t\t\t<\/div>\n\t\t\t\t<\/div>\n\t\t\t\t<div class=\"elementor-element elementor-element-e106950 sc_fly_static elementor-widget elementor-widget-spacer\" data-id=\"e106950\" data-element_type=\"widget\" data-e-type=\"widget\" data-widget_type=\"spacer.default\">\n\t\t\t\t<div class=\"elementor-widget-container\">\n\t\t\t\t\t\t\t<div class=\"elementor-spacer\">\n\t\t\t<div class=\"elementor-spacer-inner\"><\/div>\n\t\t<\/div>\n\t\t\t\t\t\t<\/div>\n\t\t\t\t<\/div>\n\t\t\t\t\t<\/div>\n\t\t<\/div>\n\t\t\t\t\t<\/div>\n\t\t<\/section>\n\t\t\t\t<\/div>\n\t\t","protected":false},"excerpt":{"rendered":"<p>PROJEKT CASES Beispiel 1: HR-Interim-Manager \/ Change-Manager bei einem US-amerikanischen Hersteller von T\u00fcren und Zargen \/ Baubranche nach Kauf von 2 Werken in Deutschland (850 MitarbeiterInnen) Unterst\u00fctzung des CEO bei&hellip;<\/p>\n","protected":false},"author":1,"featured_media":0,"parent":0,"menu_order":0,"comment_status":"closed","ping_status":"closed","template":"","meta":{"footnotes":""},"class_list":["post-18055","page","type-page","status-publish","hentry"],"_links":{"self":[{"href":"https:\/\/drc-consulting.net\/en_us\/wp-json\/wp\/v2\/pages\/18055","targetHints":{"allow":["GET"]}}],"collection":[{"href":"https:\/\/drc-consulting.net\/en_us\/wp-json\/wp\/v2\/pages"}],"about":[{"href":"https:\/\/drc-consulting.net\/en_us\/wp-json\/wp\/v2\/types\/page"}],"author":[{"embeddable":true,"href":"https:\/\/drc-consulting.net\/en_us\/wp-json\/wp\/v2\/users\/1"}],"replies":[{"embeddable":true,"href":"https:\/\/drc-consulting.net\/en_us\/wp-json\/wp\/v2\/comments?post=18055"}],"version-history":[{"count":0,"href":"https:\/\/drc-consulting.net\/en_us\/wp-json\/wp\/v2\/pages\/18055\/revisions"}],"wp:attachment":[{"href":"https:\/\/drc-consulting.net\/en_us\/wp-json\/wp\/v2\/media?parent=18055"}],"curies":[{"name":"wp","href":"https:\/\/api.w.org\/{rel}","templated":true}]}}